{"id":3592,"date":"2026-01-28T20:01:25","date_gmt":"2026-01-28T20:01:25","guid":{"rendered":"https:\/\/erapackaging.rs\/?page_id=3592"},"modified":"2026-02-16T17:22:02","modified_gmt":"2026-02-16T17:22:02","slug":"o-nama","status":"publish","type":"page","link":"https:\/\/erapackaging.rs\/en\/o-nama\/","title":{"rendered":"About us"},"content":{"rendered":"<div class=\"wp-block-group alignfull has-contrast-color has-accent-6-background-color has-text-color has-background has-link-color wp-elements-15ed47eb76f7f2a6ce06035b2357e762 has-global-padding is-layout-constrained wp-container-core-group-is-layout-873ee6b1 wp-block-group-is-layout-constrained\" style=\"margin-top:0;margin-bottom:0;padding-top:var(--wp--preset--spacing--60);padding-right:var(--wp--preset--spacing--50);padding-bottom:var(--wp--preset--spacing--60);padding-left:var(--wp--preset--spacing--50);background-image:url(&apos;https:\/\/erapackaging.rs\/wp-content\/uploads\/2025\/05\/DSC_8053-scaled-e1747460494805.jpg&apos;);background-position:50% 50%;background-repeat:repeat;background-size:contain;background-attachment:fixed;\">\n<div class=\"wp-block-columns alignwide is-layout-flex wp-container-core-columns-is-layout-7ee84d44 wp-block-columns-is-layout-flex\">\n<div class=\"wp-block-column is-layout-flow wp-block-column-is-layout-flow\" style=\"flex-basis:100%\">\n<div class=\"wp-block-group is-vertical is-content-justification-stretch is-layout-flex wp-container-core-group-is-layout-69c550ab wp-block-group-is-layout-flex\">\n<div class=\"wp-block-group has-global-padding is-layout-constrained wp-block-group-is-layout-constrained\">\n<h2 class=\"wp-block-heading has-text-align-center has-text-color has-link-color wp-elements-05859bfe1d1088cdde0b567b7cf7b881\" style=\"color:#ffffff82;margin-top:0;margin-right:0;margin-bottom:0;margin-left:0;padding-top:0;padding-right:0;padding-bottom:0;padding-left:0;font-size:clamp(7.517rem, 7.517rem + ((1vw - 0.2rem) * 19.581), 20rem);font-style:normal;font-weight:300;letter-spacing:22px;line-height:1\">ERA <\/h2>\n\n\n\n<figure class=\"wp-block-image size-large\" style=\"margin-top:var(--wp--preset--spacing--20);margin-bottom:var(--wp--preset--spacing--20)\"><img loading=\"lazy\" decoding=\"async\" width=\"768\" height=\"1024\" src=\"https:\/\/erapackaging.rs\/wp-content\/uploads\/2026\/01\/Milos-i-njegov-otac-768x1024.jpg\" alt=\"\" class=\"wp-image-3068\" style=\"aspect-ratio:3\/2;object-fit:cover\" srcset=\"https:\/\/erapackaging.rs\/wp-content\/uploads\/2026\/01\/Milos-i-njegov-otac-768x1024.jpg 768w, https:\/\/erapackaging.rs\/wp-content\/uploads\/2026\/01\/Milos-i-njegov-otac-225x300.jpg 225w, https:\/\/erapackaging.rs\/wp-content\/uploads\/2026\/01\/Milos-i-njegov-otac-1152x1536.jpg 1152w, https:\/\/erapackaging.rs\/wp-content\/uploads\/2026\/01\/Milos-i-njegov-otac.jpg 1200w\" sizes=\"auto, (max-width: 768px) 100vw, 768px\" \/><figcaption class=\"wp-element-caption\"><mark style=\"background-color:rgba(0, 0, 0, 0)\" class=\"has-inline-color has-accent-5-color\">Dimitrije i Milo\u0161 Radi\u0161i\u0107<\/mark><\/figcaption><\/figure>\n<\/div>\n\n\n\n<div class=\"wp-block-group has-global-padding is-layout-constrained wp-block-group-is-layout-constrained\">\n<p class=\"has-text-align-left is-style-text-subtitle has-base-color has-text-color has-background has-link-color wp-elements-90f88c4f3c7854fa4172a0905bc8ffc1 wp-container-content-9cfa9a5a is-style-text-subtitle--1\" style=\"background-color:#4358a369;font-size:clamp(14.082px, 0.88rem + ((1vw - 3.2px) * 0.678), 21px);letter-spacing:0.5px;line-height:1.6\">We've been building our foundations since <strong>year<\/strong>when the family business <strong>by Era<\/strong>Era was founded, as one of the first manufacturers <strong>PP strapping tape<\/strong> in the former Yugoslavia. From the very beginning, we were guided by a clear vision \u2013 to create <strong>reliable and high-quality solutions for the safe packaging of various products<\/strong>.<\/p>\n\n\n\n<p class=\"is-style-text-subtitle has-base-color has-text-color has-background has-link-color wp-elements-963ba2285577e5d32c68ba04c3e942fc wp-container-content-9cfa9a5a is-style-text-subtitle--2\" style=\"background-color:#4358a369;font-size:clamp(14.082px, 0.88rem + ((1vw - 3.2px) * 0.678), 21px);letter-spacing:0.5px;line-height:1.6\">Our development path has not been easy. The market was experiencing strong economic fluctuations, social changes, and wartime conditions that were not favorable to the economy. However, thanks to the experience and perseverance of the company's founder, <strong>Mr. Dimitrije Radi\u0161i\u0107<\/strong>, we managed to overcome all challenges and maintain business continuity.<\/p>\n\n\n\n<p class=\"is-style-text-subtitle has-base-color has-text-color has-background has-link-color wp-elements-f340a842a1302841c9fc427525b51f76 wp-container-content-9cfa9a5a is-style-text-subtitle--3 translation-block\" style=\"background-color:#4358a369;font-size:clamp(14.082px, 0.88rem + ((1vw - 3.2px) * 0.678), 21px);letter-spacing:0.5px;line-height:1.6\">With the arrival of the second generation of the family, led by Mr. Milo\u0161 Radi\u0161i\u0107, the company gains new energy, a modern approach, and additional expertise. The combination of traditional values and a modern business model has enabled us to achieve strong growth and continuously expand our offerings. In addition to producing PP straps and buckles, we are also enriching our portfolio with dealerships of renowned global manufacturers such as Teufelberger, Youngsun, Sigma, SIAT, OMS, Praim, Transpak, and others.<\/p>\n\n\n\n<p class=\"is-style-text-subtitle has-base-color has-text-color has-background has-link-color wp-elements-e476f26f9b9655b6d4d79118ed0499fa wp-container-content-9cfa9a5a is-style-text-subtitle--4 translation-block\" style=\"background-color:#4358a369;font-size:clamp(14.082px, 0.88rem + ((1vw - 3.2px) * 0.678), 21px);letter-spacing:0.5px;line-height:1.6\">Recognizing the growing market need for automation of final packaging processes, since 2018, For years, we have been developing a special program \u2013 from individual machines to complete automatic packaging lines, in collaboration with leading global manufacturers Youngsun, SIAT, and OMS.<\/p>\n\n\n\n<p class=\"is-style-text-subtitle has-base-color has-text-color has-background has-link-color wp-elements-b92e2ba87f93dc3c7e7b08b4584d5ba1 wp-container-content-9cfa9a5a is-style-text-subtitle--5 translation-block\" style=\"background-color:#4358a369;font-size:clamp(14.082px, 0.88rem + ((1vw - 3.2px) * 0.678), 21px);letter-spacing:0.5px;line-height:1.6\">Over more than four decades of operation, our core principle remains unchanged:\nPackaging security as the foundation of trust.<\/p>\n\n\n\n<p class=\"has-text-align-left is-style-text-subtitle has-base-color has-text-color has-background has-link-color wp-elements-bc8123dc3aa9cef3ee6bde73c28d388d wp-container-content-9cfa9a5a is-style-text-subtitle--6\" style=\"background-color:#4358a369;font-size:clamp(14.082px, 0.88rem + ((1vw - 3.2px) * 0.678), 21px);letter-spacing:0.5px;line-height:1.6\">Precisely thanks to this principle, we have built long-term partnerships and gained the trust of a large number of clients across the region.<\/p>\n<\/div>\n<\/div>\n<\/div>\n<\/div>\n<\/div>\n\n\n\n<div class=\"wp-block-group alignfull is-style-default is-content-justification-center is-nowrap is-layout-flex wp-container-core-group-is-layout-ef9ce2f5 wp-block-group-is-layout-flex\" style=\"min-height:0px;margin-top:var(--wp--preset--spacing--40);margin-bottom:var(--wp--preset--spacing--40);padding-top:0;padding-right:0;padding-bottom:0;padding-left:0\">\n<div class=\"wp-block-columns is-style-default is-layout-flex wp-container-core-columns-is-layout-99e1805e wp-block-columns-is-layout-flex\" style=\"margin-top:var(--wp--preset--spacing--20);margin-bottom:var(--wp--preset--spacing--20);padding-top:0;padding-right:0;padding-bottom:0;padding-left:0\">\n<div class=\"wp-block-column is-layout-flow wp-block-column-is-layout-flow\">\n<figure class=\"wp-block-image size-large has-custom-border\"><img loading=\"lazy\" decoding=\"async\" width=\"1024\" height=\"1024\" src=\"https:\/\/erapackaging.rs\/wp-content\/uploads\/2025\/05\/DSC_7831-1024x1024.jpg\" alt=\"\" class=\"has-border-color wp-image-1528\" style=\"border-color:#4358a4;border-width:1px\" srcset=\"https:\/\/erapackaging.rs\/wp-content\/uploads\/2025\/05\/DSC_7831-1024x1024.jpg 1024w, https:\/\/erapackaging.rs\/wp-content\/uploads\/2025\/05\/DSC_7831-300x300.jpg 300w, https:\/\/erapackaging.rs\/wp-content\/uploads\/2025\/05\/DSC_7831-150x150.jpg 150w, https:\/\/erapackaging.rs\/wp-content\/uploads\/2025\/05\/DSC_7831-768x768.jpg 768w, https:\/\/erapackaging.rs\/wp-content\/uploads\/2025\/05\/DSC_7831-1536x1536.jpg 1536w, https:\/\/erapackaging.rs\/wp-content\/uploads\/2025\/05\/DSC_7831-2048x2048.jpg 2048w\" sizes=\"auto, (max-width: 1024px) 100vw, 1024px\" \/><\/figure>\n<\/div>\n\n\n\n<div class=\"wp-block-column is-layout-flow wp-container-core-column-is-layout-92c44e9e wp-block-column-is-layout-flow\" style=\"padding-top:0;padding-bottom:0\">\n<figure class=\"wp-block-image size-large has-custom-border\"><img loading=\"lazy\" decoding=\"async\" width=\"1024\" height=\"1024\" src=\"https:\/\/erapackaging.rs\/wp-content\/uploads\/2025\/05\/DSC_7830-1024x1024.jpg\" alt=\"\" class=\"has-border-color wp-image-1535\" style=\"border-color:#4358a4;border-width:1px\" srcset=\"https:\/\/erapackaging.rs\/wp-content\/uploads\/2025\/05\/DSC_7830-1024x1024.jpg 1024w, https:\/\/erapackaging.rs\/wp-content\/uploads\/2025\/05\/DSC_7830-300x300.jpg 300w, https:\/\/erapackaging.rs\/wp-content\/uploads\/2025\/05\/DSC_7830-150x150.jpg 150w, https:\/\/erapackaging.rs\/wp-content\/uploads\/2025\/05\/DSC_7830-768x768.jpg 768w, https:\/\/erapackaging.rs\/wp-content\/uploads\/2025\/05\/DSC_7830-1536x1536.jpg 1536w, https:\/\/erapackaging.rs\/wp-content\/uploads\/2025\/05\/DSC_7830-2048x2048.jpg 2048w\" sizes=\"auto, (max-width: 1024px) 100vw, 1024px\" \/><\/figure>\n<\/div>\n\n\n\n<div class=\"wp-block-column is-layout-flow wp-block-column-is-layout-flow\">\n<figure class=\"wp-block-image size-large has-custom-border\"><img loading=\"lazy\" decoding=\"async\" width=\"1024\" height=\"1024\" src=\"https:\/\/erapackaging.rs\/wp-content\/uploads\/2025\/05\/DSC_7829-1024x1024.jpg\" alt=\"\" class=\"has-border-color wp-image-1531\" style=\"border-color:#4358a4;border-width:1px\" srcset=\"https:\/\/erapackaging.rs\/wp-content\/uploads\/2025\/05\/DSC_7829-1024x1024.jpg 1024w, https:\/\/erapackaging.rs\/wp-content\/uploads\/2025\/05\/DSC_7829-300x300.jpg 300w, https:\/\/erapackaging.rs\/wp-content\/uploads\/2025\/05\/DSC_7829-150x150.jpg 150w, https:\/\/erapackaging.rs\/wp-content\/uploads\/2025\/05\/DSC_7829-768x768.jpg 768w, https:\/\/erapackaging.rs\/wp-content\/uploads\/2025\/05\/DSC_7829-1536x1536.jpg 1536w, https:\/\/erapackaging.rs\/wp-content\/uploads\/2025\/05\/DSC_7829-2048x2048.jpg 2048w\" sizes=\"auto, (max-width: 1024px) 100vw, 1024px\" \/><\/figure>\n<\/div>\n<\/div>\n<\/div>\n\n\n\n<h2 class=\"wp-block-heading has-text-align-center has-text-color has-link-color wp-elements-613ad97a773677610d96eb29d91460d9\" style=\"color:#43a34b;margin-top:var(--wp--preset--spacing--50);margin-bottom:var(--wp--preset--spacing--50);font-size:clamp(1.039rem, 1.039rem + ((1vw - 0.2rem) * 0.88), 1.6rem);letter-spacing:1px;line-height:1.6\"><strong>Here for You.<\/strong><\/h2>","protected":false},"excerpt":{"rendered":"<p>ERA Svoje temelje gradimo jo\u0161 od 1983. godine, kada je osnovana porodi\u010dna radnja Era, kao jedan od prvih proizvo\u0111a\u010da PP traka na prostoru biv\u0161e Jugoslavije. Od samog po\u010detka vodila nas je jasna vizija \u2014 da stvaramo pouzdana i kvalitetna re\u0161enja za sigurno pakovanje razli\u010ditih proizvoda. Na\u0161 razvojni put nije bio lak. Tr\u017ei\u0161te je prolazilo kroz [&hellip;]<\/p>\n","protected":false},"author":2,"featured_media":0,"parent":0,"menu_order":0,"comment_status":"closed","ping_status":"closed","template":"page-no-title","meta":{"footnotes":""},"class_list":["post-3592","page","type-page","status-publish","hentry"],"_links":{"self":[{"href":"https:\/\/erapackaging.rs\/en\/wp-json\/wp\/v2\/pages\/3592","targetHints":{"allow":["GET"]}}],"collection":[{"href":"https:\/\/erapackaging.rs\/en\/wp-json\/wp\/v2\/pages"}],"about":[{"href":"https:\/\/erapackaging.rs\/en\/wp-json\/wp\/v2\/types\/page"}],"author":[{"embeddable":true,"href":"https:\/\/erapackaging.rs\/en\/wp-json\/wp\/v2\/users\/2"}],"replies":[{"embeddable":true,"href":"https:\/\/erapackaging.rs\/en\/wp-json\/wp\/v2\/comments?post=3592"}],"version-history":[{"count":25,"href":"https:\/\/erapackaging.rs\/en\/wp-json\/wp\/v2\/pages\/3592\/revisions"}],"predecessor-version":[{"id":4481,"href":"https:\/\/erapackaging.rs\/en\/wp-json\/wp\/v2\/pages\/3592\/revisions\/4481"}],"wp:attachment":[{"href":"https:\/\/erapackaging.rs\/en\/wp-json\/wp\/v2\/media?parent=3592"}],"curies":[{"name":"wp","href":"https:\/\/api.w.org\/{rel}","templated":true}]}}