{"id":2290,"date":"2026-01-03T22:32:52","date_gmt":"2026-01-03T22:32:52","guid":{"rendered":"https:\/\/erapackaging.rs\/?page_id=2290"},"modified":"2026-03-04T21:38:04","modified_gmt":"2026-03-04T21:38:04","slug":"selotejp","status":"publish","type":"page","link":"https:\/\/erapackaging.rs\/en\/selotejp\/","title":{"rendered":"Selotejp"},"content":{"rendered":"<div class=\"wp-block-cb-carousel-v2 alignwide cb-carousel-block\" data-cb-slides-per-view=\"1\" data-cb-slides-per-group=\"1\" data-cb-space-between=\"100\" data-cb-speed=\"1000\" data-cb-loop=\"true\" data-cb-autoplay=\"true\" data-cb-autoplay-speed=\"3000\" data-cb-breakpoints=\"{&quot;768&quot;:{&quot;slidesPerView&quot;:4,&quot;slidesPerGroup&quot;:1}}\"><div class=\"swiper\"><div class=\"cb-wrapper swiper-wrapper\">\n<div class=\"wp-block-cb-slide-v2 cb-slide swiper-slide\">\n<figure class=\"wp-block-image size-large\"><img loading=\"lazy\" decoding=\"async\" width=\"1024\" height=\"345\" src=\"https:\/\/erapackaging.rs\/wp-content\/uploads\/2026\/02\/5448x1835-1024x345.webp\" alt=\"\" class=\"wp-image-4083\" srcset=\"https:\/\/erapackaging.rs\/wp-content\/uploads\/2026\/02\/5448x1835-1024x345.webp 1024w, https:\/\/erapackaging.rs\/wp-content\/uploads\/2026\/02\/5448x1835-300x101.webp 300w, https:\/\/erapackaging.rs\/wp-content\/uploads\/2026\/02\/5448x1835-768x259.webp 768w, https:\/\/erapackaging.rs\/wp-content\/uploads\/2026\/02\/5448x1835-1536x517.webp 1536w, https:\/\/erapackaging.rs\/wp-content\/uploads\/2026\/02\/5448x1835-2048x690.webp 2048w, https:\/\/erapackaging.rs\/wp-content\/uploads\/2026\/02\/5448x1835-18x6.webp 18w\" sizes=\"auto, (max-width: 1024px) 100vw, 1024px\" \/><\/figure>\n<\/div>\n\n\n\n<div class=\"wp-block-cb-slide-v2 cb-slide swiper-slide\">\n<figure class=\"wp-block-image size-full\"><img loading=\"lazy\" decoding=\"async\" width=\"500\" height=\"166\" src=\"https:\/\/erapackaging.rs\/wp-content\/uploads\/2026\/02\/Untitled-design-3.webp\" alt=\"\" class=\"wp-image-4140\" srcset=\"https:\/\/erapackaging.rs\/wp-content\/uploads\/2026\/02\/Untitled-design-3.webp 500w, https:\/\/erapackaging.rs\/wp-content\/uploads\/2026\/02\/Untitled-design-3-300x100.webp 300w, https:\/\/erapackaging.rs\/wp-content\/uploads\/2026\/02\/Untitled-design-3-18x6.webp 18w\" sizes=\"auto, (max-width: 500px) 100vw, 500px\" \/><\/figure>\n<\/div>\n\n\n\n<div class=\"wp-block-cb-slide-v2 cb-slide swiper-slide\">\n<figure class=\"wp-block-image size-large\"><img loading=\"lazy\" decoding=\"async\" width=\"1024\" height=\"363\" src=\"https:\/\/erapackaging.rs\/wp-content\/uploads\/2026\/02\/Youngsun-3-1024x363.png\" alt=\"\" class=\"wp-image-4152\" srcset=\"https:\/\/erapackaging.rs\/wp-content\/uploads\/2026\/02\/Youngsun-3-1024x363.png 1024w, https:\/\/erapackaging.rs\/wp-content\/uploads\/2026\/02\/Youngsun-3-300x106.png 300w, https:\/\/erapackaging.rs\/wp-content\/uploads\/2026\/02\/Youngsun-3-768x272.png 768w, https:\/\/erapackaging.rs\/wp-content\/uploads\/2026\/02\/Youngsun-3-18x6.png 18w, https:\/\/erapackaging.rs\/wp-content\/uploads\/2026\/02\/Youngsun-3.png 1168w\" sizes=\"auto, (max-width: 1024px) 100vw, 1024px\" \/><\/figure>\n<\/div>\n\n\n\n<div class=\"wp-block-cb-slide-v2 cb-slide swiper-slide\">\n<figure class=\"wp-block-image size-full is-resized\"><img loading=\"lazy\" decoding=\"async\" width=\"490\" height=\"338\" src=\"https:\/\/erapackaging.rs\/wp-content\/uploads\/2026\/03\/moye.jpg\" alt=\"\" class=\"wp-image-5101\" style=\"aspect-ratio:1.6443171719166585;width:165px;height:auto\" srcset=\"https:\/\/erapackaging.rs\/wp-content\/uploads\/2026\/03\/moye.jpg 490w, https:\/\/erapackaging.rs\/wp-content\/uploads\/2026\/03\/moye-300x207.jpg 300w, https:\/\/erapackaging.rs\/wp-content\/uploads\/2026\/03\/moye-18x12.jpg 18w\" sizes=\"auto, (max-width: 490px) 100vw, 490px\" \/><\/figure>\n<\/div>\n\n\n\n<div class=\"wp-block-cb-slide-v2 cb-slide swiper-slide\">\n<figure class=\"wp-block-image size-full\"><img loading=\"lazy\" decoding=\"async\" width=\"700\" height=\"233\" src=\"https:\/\/erapackaging.rs\/wp-content\/uploads\/2026\/02\/3600x1200.webp\" alt=\"\" class=\"wp-image-4086\" srcset=\"https:\/\/erapackaging.rs\/wp-content\/uploads\/2026\/02\/3600x1200.webp 700w, https:\/\/erapackaging.rs\/wp-content\/uploads\/2026\/02\/3600x1200-300x100.webp 300w, https:\/\/erapackaging.rs\/wp-content\/uploads\/2026\/02\/3600x1200-18x6.webp 18w\" sizes=\"auto, (max-width: 700px) 100vw, 700px\" \/><\/figure>\n<\/div>\n\n\n\n<div class=\"wp-block-cb-slide-v2 cb-slide swiper-slide\">\n<figure class=\"wp-block-image size-full\"><img loading=\"lazy\" decoding=\"async\" width=\"700\" height=\"232\" src=\"https:\/\/erapackaging.rs\/wp-content\/uploads\/2026\/02\/4961x1646.webp\" alt=\"\" class=\"wp-image-4087\" srcset=\"https:\/\/erapackaging.rs\/wp-content\/uploads\/2026\/02\/4961x1646.webp 700w, https:\/\/erapackaging.rs\/wp-content\/uploads\/2026\/02\/4961x1646-300x99.webp 300w, https:\/\/erapackaging.rs\/wp-content\/uploads\/2026\/02\/4961x1646-18x6.webp 18w\" sizes=\"auto, (max-width: 700px) 100vw, 700px\" \/><\/figure>\n<\/div>\n\n\n\n<div class=\"wp-block-cb-slide-v2 cb-slide swiper-slide\">\n<figure class=\"wp-block-image size-full\"><img loading=\"lazy\" decoding=\"async\" width=\"500\" height=\"154\" src=\"https:\/\/erapackaging.rs\/wp-content\/uploads\/2026\/02\/TRANS-1.png\" alt=\"\" class=\"wp-image-4156\" srcset=\"https:\/\/erapackaging.rs\/wp-content\/uploads\/2026\/02\/TRANS-1.png 500w, https:\/\/erapackaging.rs\/wp-content\/uploads\/2026\/02\/TRANS-1-300x92.png 300w, https:\/\/erapackaging.rs\/wp-content\/uploads\/2026\/02\/TRANS-1-18x6.png 18w\" sizes=\"auto, (max-width: 500px) 100vw, 500px\" \/><\/figure>\n<\/div>\n\n\n\n<div class=\"wp-block-cb-slide-v2 cb-slide swiper-slide\">\n<figure class=\"wp-block-image aligncenter size-full is-resized\"><img loading=\"lazy\" decoding=\"async\" width=\"357\" height=\"208\" src=\"https:\/\/erapackaging.rs\/wp-content\/uploads\/2026\/03\/Untitled-design-7-1.jpg\" alt=\"\" class=\"wp-image-5105\" style=\"aspect-ratio:1.7163471449185734;width:146px;height:auto\" srcset=\"https:\/\/erapackaging.rs\/wp-content\/uploads\/2026\/03\/Untitled-design-7-1.jpg 357w, https:\/\/erapackaging.rs\/wp-content\/uploads\/2026\/03\/Untitled-design-7-1-300x175.jpg 300w, https:\/\/erapackaging.rs\/wp-content\/uploads\/2026\/03\/Untitled-design-7-1-18x10.jpg 18w\" sizes=\"auto, (max-width: 357px) 100vw, 357px\" \/><\/figure>\n<\/div>\n<\/div><\/div><\/div>\n\n\n\n<div class=\"wp-block-media-text is-stacked-on-mobile\" style=\"grid-template-columns:28% auto\"><figure class=\"wp-block-media-text__media\"><img loading=\"lazy\" decoding=\"async\" width=\"150\" height=\"150\" src=\"https:\/\/erapackaging.rs\/wp-content\/uploads\/2026\/01\/Nenaslovljeni-dizajn-41-150x150-1.png\" alt=\"\" class=\"wp-image-3767 size-full\"\/><\/figure><div class=\"wp-block-media-text__content\">\n<p class=\"has-text-align-right has-accent-4-color has-text-color has-link-color has-large-font-size wp-elements-fcadc1506d6fffa6cba02716336f7eda translation-block\" style=\"letter-spacing:1px;line-height:1.7\">A wide selection of self-adhesive tapes, thicknesses from 0.40 to 0.50 microns, on solvent and acrylic bases.\nThey are used for gluing light, medium, and heavy packages. Suitable for manual or machine application.<\/p>\n<\/div><\/div>\n\n\n\n<figure class=\"wp-block-table alignright is-style-stripes has-small-font-size\" style=\"margin-top:var(--wp--preset--spacing--40);margin-bottom:var(--wp--preset--spacing--40);padding-top:var(--wp--preset--spacing--20);padding-right:0;padding-bottom:var(--wp--preset--spacing--20);padding-left:0;letter-spacing:1px;line-height:1.6\"><table class=\"has-text-color has-link-color has-fixed-layout\" style=\"color:#4358a4\"><thead><tr><th class=\"has-text-align-center\" data-align=\"center\">Name<\/th><th class=\"has-text-align-center\" data-align=\"center\">Dimension<\/th><th class=\"has-text-align-center\" data-align=\"center\">Color<\/th><\/tr><\/thead><tbody><tr><td class=\"has-text-align-center\" data-align=\"center\">Adhesive tape<\/td><td class=\"has-text-align-center\" data-align=\"center\">48mm x 50 m<\/td><td class=\"has-text-align-center\" data-align=\"center\">Providna<\/td><\/tr><tr><td class=\"has-text-align-center\" data-align=\"center\">Adhesive tape<\/td><td class=\"has-text-align-center\" data-align=\"center\">48mm x 50 m<\/td><td class=\"has-text-align-center\" data-align=\"center\">Mat\/ Braon<\/td><\/tr><tr><td class=\"has-text-align-center\" data-align=\"center\">Adhesive tape<\/td><td class=\"has-text-align-center\" data-align=\"center\">48mm x 990 m<\/td><td class=\"has-text-align-center\" data-align=\"center\">Providna\/ Mat\/ Plava<\/td><\/tr><tr><td class=\"has-text-align-center\" data-align=\"center\">Adhesive tape<\/td><td class=\"has-text-align-center\" data-align=\"center\">48mm x 50 m<\/td><td class=\"has-text-align-center\" data-align=\"center\">Plava<\/td><\/tr><\/tbody><\/table><\/figure>\n\n\n\n<h3 class=\"wp-block-heading has-text-align-center has-large-font-size\" style=\"margin-top:var(--wp--preset--spacing--40);margin-bottom:var(--wp--preset--spacing--40);padding-top:var(--wp--preset--spacing--20);padding-bottom:var(--wp--preset--spacing--20);line-height:1.6\"><mark style=\"background-color:rgba(0, 0, 0, 0);color:#43a34b\" class=\"has-inline-color\"><strong>Here for You.<\/strong><\/mark><\/h3>\n\n\n\n<div class=\"wp-block-cb-carousel-v2 alignwide cb-carousel-block\" data-cb-slides-per-view=\"1\" data-cb-slides-per-group=\"1\" data-cb-space-between=\"100\" data-cb-speed=\"1000\" data-cb-loop=\"true\" data-cb-autoplay=\"true\" data-cb-autoplay-speed=\"3000\" data-cb-breakpoints=\"{&quot;768&quot;:{&quot;slidesPerView&quot;:4,&quot;slidesPerGroup&quot;:1}}\"><div class=\"swiper\"><div class=\"cb-wrapper swiper-wrapper\">\n<div class=\"wp-block-cb-slide-v2 cb-slide swiper-slide\">\n<figure class=\"wp-block-image size-large\"><img loading=\"lazy\" decoding=\"async\" width=\"1024\" height=\"345\" src=\"https:\/\/erapackaging.rs\/wp-content\/uploads\/2026\/02\/5448x1835-1024x345.webp\" alt=\"\" class=\"wp-image-4083\" srcset=\"https:\/\/erapackaging.rs\/wp-content\/uploads\/2026\/02\/5448x1835-1024x345.webp 1024w, https:\/\/erapackaging.rs\/wp-content\/uploads\/2026\/02\/5448x1835-300x101.webp 300w, https:\/\/erapackaging.rs\/wp-content\/uploads\/2026\/02\/5448x1835-768x259.webp 768w, https:\/\/erapackaging.rs\/wp-content\/uploads\/2026\/02\/5448x1835-1536x517.webp 1536w, https:\/\/erapackaging.rs\/wp-content\/uploads\/2026\/02\/5448x1835-2048x690.webp 2048w, https:\/\/erapackaging.rs\/wp-content\/uploads\/2026\/02\/5448x1835-18x6.webp 18w\" sizes=\"auto, (max-width: 1024px) 100vw, 1024px\" \/><\/figure>\n<\/div>\n\n\n\n<div class=\"wp-block-cb-slide-v2 cb-slide swiper-slide\">\n<figure class=\"wp-block-image size-full\"><img loading=\"lazy\" decoding=\"async\" width=\"500\" height=\"166\" src=\"https:\/\/erapackaging.rs\/wp-content\/uploads\/2026\/02\/Untitled-design-3.webp\" alt=\"\" class=\"wp-image-4140\" srcset=\"https:\/\/erapackaging.rs\/wp-content\/uploads\/2026\/02\/Untitled-design-3.webp 500w, https:\/\/erapackaging.rs\/wp-content\/uploads\/2026\/02\/Untitled-design-3-300x100.webp 300w, https:\/\/erapackaging.rs\/wp-content\/uploads\/2026\/02\/Untitled-design-3-18x6.webp 18w\" sizes=\"auto, (max-width: 500px) 100vw, 500px\" \/><\/figure>\n<\/div>\n\n\n\n<div class=\"wp-block-cb-slide-v2 cb-slide swiper-slide\">\n<figure class=\"wp-block-image size-large\"><img loading=\"lazy\" decoding=\"async\" width=\"1024\" height=\"363\" src=\"https:\/\/erapackaging.rs\/wp-content\/uploads\/2026\/02\/Youngsun-3-1024x363.png\" alt=\"\" class=\"wp-image-4152\" srcset=\"https:\/\/erapackaging.rs\/wp-content\/uploads\/2026\/02\/Youngsun-3-1024x363.png 1024w, https:\/\/erapackaging.rs\/wp-content\/uploads\/2026\/02\/Youngsun-3-300x106.png 300w, https:\/\/erapackaging.rs\/wp-content\/uploads\/2026\/02\/Youngsun-3-768x272.png 768w, https:\/\/erapackaging.rs\/wp-content\/uploads\/2026\/02\/Youngsun-3-18x6.png 18w, https:\/\/erapackaging.rs\/wp-content\/uploads\/2026\/02\/Youngsun-3.png 1168w\" sizes=\"auto, (max-width: 1024px) 100vw, 1024px\" \/><\/figure>\n<\/div>\n\n\n\n<div class=\"wp-block-cb-slide-v2 cb-slide swiper-slide\">\n<figure class=\"wp-block-image size-full is-resized\"><img loading=\"lazy\" decoding=\"async\" width=\"490\" height=\"338\" src=\"https:\/\/erapackaging.rs\/wp-content\/uploads\/2026\/03\/moye.jpg\" alt=\"\" class=\"wp-image-5101\" style=\"aspect-ratio:1.6443171719166585;width:165px;height:auto\" srcset=\"https:\/\/erapackaging.rs\/wp-content\/uploads\/2026\/03\/moye.jpg 490w, https:\/\/erapackaging.rs\/wp-content\/uploads\/2026\/03\/moye-300x207.jpg 300w, https:\/\/erapackaging.rs\/wp-content\/uploads\/2026\/03\/moye-18x12.jpg 18w\" sizes=\"auto, (max-width: 490px) 100vw, 490px\" \/><\/figure>\n<\/div>\n\n\n\n<div class=\"wp-block-cb-slide-v2 cb-slide swiper-slide\">\n<figure class=\"wp-block-image size-full\"><img loading=\"lazy\" decoding=\"async\" width=\"700\" height=\"233\" src=\"https:\/\/erapackaging.rs\/wp-content\/uploads\/2026\/02\/3600x1200.webp\" alt=\"\" class=\"wp-image-4086\" srcset=\"https:\/\/erapackaging.rs\/wp-content\/uploads\/2026\/02\/3600x1200.webp 700w, https:\/\/erapackaging.rs\/wp-content\/uploads\/2026\/02\/3600x1200-300x100.webp 300w, https:\/\/erapackaging.rs\/wp-content\/uploads\/2026\/02\/3600x1200-18x6.webp 18w\" sizes=\"auto, (max-width: 700px) 100vw, 700px\" \/><\/figure>\n<\/div>\n\n\n\n<div class=\"wp-block-cb-slide-v2 cb-slide swiper-slide\">\n<figure class=\"wp-block-image size-full\"><img loading=\"lazy\" decoding=\"async\" width=\"700\" height=\"232\" src=\"https:\/\/erapackaging.rs\/wp-content\/uploads\/2026\/02\/4961x1646.webp\" alt=\"\" class=\"wp-image-4087\" srcset=\"https:\/\/erapackaging.rs\/wp-content\/uploads\/2026\/02\/4961x1646.webp 700w, https:\/\/erapackaging.rs\/wp-content\/uploads\/2026\/02\/4961x1646-300x99.webp 300w, https:\/\/erapackaging.rs\/wp-content\/uploads\/2026\/02\/4961x1646-18x6.webp 18w\" sizes=\"auto, (max-width: 700px) 100vw, 700px\" \/><\/figure>\n<\/div>\n\n\n\n<div class=\"wp-block-cb-slide-v2 cb-slide swiper-slide\">\n<figure class=\"wp-block-image size-full\"><img loading=\"lazy\" decoding=\"async\" width=\"500\" height=\"154\" src=\"https:\/\/erapackaging.rs\/wp-content\/uploads\/2026\/02\/TRANS-1.png\" alt=\"\" class=\"wp-image-4156\" srcset=\"https:\/\/erapackaging.rs\/wp-content\/uploads\/2026\/02\/TRANS-1.png 500w, https:\/\/erapackaging.rs\/wp-content\/uploads\/2026\/02\/TRANS-1-300x92.png 300w, https:\/\/erapackaging.rs\/wp-content\/uploads\/2026\/02\/TRANS-1-18x6.png 18w\" sizes=\"auto, (max-width: 500px) 100vw, 500px\" \/><\/figure>\n<\/div>\n\n\n\n<div class=\"wp-block-cb-slide-v2 cb-slide swiper-slide\">\n<figure class=\"wp-block-image aligncenter size-full is-resized\"><img loading=\"lazy\" decoding=\"async\" width=\"357\" height=\"208\" src=\"https:\/\/erapackaging.rs\/wp-content\/uploads\/2026\/03\/Untitled-design-7-1.jpg\" alt=\"\" class=\"wp-image-5105\" style=\"aspect-ratio:1.7163471449185734;width:146px;height:auto\" srcset=\"https:\/\/erapackaging.rs\/wp-content\/uploads\/2026\/03\/Untitled-design-7-1.jpg 357w, https:\/\/erapackaging.rs\/wp-content\/uploads\/2026\/03\/Untitled-design-7-1-300x175.jpg 300w, https:\/\/erapackaging.rs\/wp-content\/uploads\/2026\/03\/Untitled-design-7-1-18x10.jpg 18w\" sizes=\"auto, (max-width: 357px) 100vw, 357px\" \/><\/figure>\n<\/div>\n<\/div><\/div><\/div>","protected":false},"excerpt":{"rendered":"<p>Veliki izbor samolepljivih traka, debljina od 0,40 do 0,50 mikrona na slovent i na akril bazi.Koriste se za lepljenje lakih, srednje i te\u0161kih paketa. Pogodna za ru\u010dno ili ma\u0161insko lepljenje. Naziv Dimenzija Boja Samolepljiva traka 48mm x 50 m Providna Samolepljiva traka 48mm x 50 m Mat\/ Braon Samolepljiva traka 48mm x 990 m Providna\/ [&hellip;]<\/p>\n","protected":false},"author":2,"featured_media":0,"parent":0,"menu_order":0,"comment_status":"closed","ping_status":"closed","template":"page-no-title","meta":{"footnotes":""},"class_list":["post-2290","page","type-page","status-publish","hentry"],"_links":{"self":[{"href":"https:\/\/erapackaging.rs\/en\/wp-json\/wp\/v2\/pages\/2290","targetHints":{"allow":["GET"]}}],"collection":[{"href":"https:\/\/erapackaging.rs\/en\/wp-json\/wp\/v2\/pages"}],"about":[{"href":"https:\/\/erapackaging.rs\/en\/wp-json\/wp\/v2\/types\/page"}],"author":[{"embeddable":true,"href":"https:\/\/erapackaging.rs\/en\/wp-json\/wp\/v2\/users\/2"}],"replies":[{"embeddable":true,"href":"https:\/\/erapackaging.rs\/en\/wp-json\/wp\/v2\/comments?post=2290"}],"version-history":[{"count":49,"href":"https:\/\/erapackaging.rs\/en\/wp-json\/wp\/v2\/pages\/2290\/revisions"}],"predecessor-version":[{"id":5114,"href":"https:\/\/erapackaging.rs\/en\/wp-json\/wp\/v2\/pages\/2290\/revisions\/5114"}],"wp:attachment":[{"href":"https:\/\/erapackaging.rs\/en\/wp-json\/wp\/v2\/media?parent=2290"}],"curies":[{"name":"wp","href":"https:\/\/api.w.org\/{rel}","templated":true}]}}