{"id":1896,"date":"2025-08-31T07:48:15","date_gmt":"2025-08-31T07:48:15","guid":{"rendered":"https:\/\/erapackaging.rs\/?page_id=1896"},"modified":"2026-03-05T09:57:58","modified_gmt":"2026-03-05T09:57:58","slug":"celicna-traka","status":"publish","type":"page","link":"https:\/\/erapackaging.rs\/en\/celicna-traka\/","title":{"rendered":"Steel strapping"},"content":{"rendered":"<div class=\"wp-block-cb-carousel-v2 alignwide cb-carousel-block\" data-cb-slides-per-view=\"1\" data-cb-slides-per-group=\"1\" data-cb-space-between=\"100\" data-cb-speed=\"1000\" data-cb-loop=\"true\" data-cb-autoplay=\"true\" data-cb-autoplay-speed=\"3000\" data-cb-breakpoints=\"{&quot;768&quot;:{&quot;slidesPerView&quot;:4,&quot;slidesPerGroup&quot;:1}}\"><div class=\"swiper\"><div class=\"cb-wrapper swiper-wrapper\">\n<div class=\"wp-block-cb-slide-v2 cb-slide swiper-slide\">\n<figure class=\"wp-block-image size-large\"><img loading=\"lazy\" decoding=\"async\" width=\"1024\" height=\"345\" src=\"https:\/\/erapackaging.rs\/wp-content\/uploads\/2026\/02\/5448x1835-1024x345.webp\" alt=\"\" class=\"wp-image-4083\" srcset=\"https:\/\/erapackaging.rs\/wp-content\/uploads\/2026\/02\/5448x1835-1024x345.webp 1024w, https:\/\/erapackaging.rs\/wp-content\/uploads\/2026\/02\/5448x1835-300x101.webp 300w, https:\/\/erapackaging.rs\/wp-content\/uploads\/2026\/02\/5448x1835-768x259.webp 768w, https:\/\/erapackaging.rs\/wp-content\/uploads\/2026\/02\/5448x1835-1536x517.webp 1536w, https:\/\/erapackaging.rs\/wp-content\/uploads\/2026\/02\/5448x1835-2048x690.webp 2048w, https:\/\/erapackaging.rs\/wp-content\/uploads\/2026\/02\/5448x1835-18x6.webp 18w\" sizes=\"auto, (max-width: 1024px) 100vw, 1024px\" \/><\/figure>\n<\/div>\n\n\n\n<div class=\"wp-block-cb-slide-v2 cb-slide swiper-slide\">\n<figure class=\"wp-block-image size-full\"><img loading=\"lazy\" decoding=\"async\" width=\"500\" height=\"166\" src=\"https:\/\/erapackaging.rs\/wp-content\/uploads\/2026\/02\/Untitled-design-3.webp\" alt=\"\" class=\"wp-image-4140\" srcset=\"https:\/\/erapackaging.rs\/wp-content\/uploads\/2026\/02\/Untitled-design-3.webp 500w, https:\/\/erapackaging.rs\/wp-content\/uploads\/2026\/02\/Untitled-design-3-300x100.webp 300w, https:\/\/erapackaging.rs\/wp-content\/uploads\/2026\/02\/Untitled-design-3-18x6.webp 18w\" sizes=\"auto, (max-width: 500px) 100vw, 500px\" \/><\/figure>\n<\/div>\n\n\n\n<div class=\"wp-block-cb-slide-v2 cb-slide swiper-slide\">\n<figure class=\"wp-block-image size-large\"><img loading=\"lazy\" decoding=\"async\" width=\"1024\" height=\"363\" src=\"https:\/\/erapackaging.rs\/wp-content\/uploads\/2026\/02\/Youngsun-3-1024x363.png\" alt=\"\" class=\"wp-image-4152\" srcset=\"https:\/\/erapackaging.rs\/wp-content\/uploads\/2026\/02\/Youngsun-3-1024x363.png 1024w, https:\/\/erapackaging.rs\/wp-content\/uploads\/2026\/02\/Youngsun-3-300x106.png 300w, https:\/\/erapackaging.rs\/wp-content\/uploads\/2026\/02\/Youngsun-3-768x272.png 768w, https:\/\/erapackaging.rs\/wp-content\/uploads\/2026\/02\/Youngsun-3-18x6.png 18w, https:\/\/erapackaging.rs\/wp-content\/uploads\/2026\/02\/Youngsun-3.png 1168w\" sizes=\"auto, (max-width: 1024px) 100vw, 1024px\" \/><\/figure>\n<\/div>\n\n\n\n<div class=\"wp-block-cb-slide-v2 cb-slide swiper-slide\">\n<figure class=\"wp-block-image size-full is-resized\"><img loading=\"lazy\" decoding=\"async\" width=\"490\" height=\"338\" src=\"https:\/\/erapackaging.rs\/wp-content\/uploads\/2026\/03\/moye.jpg\" alt=\"\" class=\"wp-image-5101\" style=\"aspect-ratio:1.6443171719166585;width:165px;height:auto\" srcset=\"https:\/\/erapackaging.rs\/wp-content\/uploads\/2026\/03\/moye.jpg 490w, https:\/\/erapackaging.rs\/wp-content\/uploads\/2026\/03\/moye-300x207.jpg 300w, https:\/\/erapackaging.rs\/wp-content\/uploads\/2026\/03\/moye-18x12.jpg 18w\" sizes=\"auto, (max-width: 490px) 100vw, 490px\" \/><\/figure>\n<\/div>\n\n\n\n<div class=\"wp-block-cb-slide-v2 cb-slide swiper-slide\">\n<figure class=\"wp-block-image size-full\"><img loading=\"lazy\" decoding=\"async\" width=\"700\" height=\"233\" src=\"https:\/\/erapackaging.rs\/wp-content\/uploads\/2026\/02\/3600x1200.webp\" alt=\"\" class=\"wp-image-4086\" srcset=\"https:\/\/erapackaging.rs\/wp-content\/uploads\/2026\/02\/3600x1200.webp 700w, https:\/\/erapackaging.rs\/wp-content\/uploads\/2026\/02\/3600x1200-300x100.webp 300w, https:\/\/erapackaging.rs\/wp-content\/uploads\/2026\/02\/3600x1200-18x6.webp 18w\" sizes=\"auto, (max-width: 700px) 100vw, 700px\" \/><\/figure>\n<\/div>\n\n\n\n<div class=\"wp-block-cb-slide-v2 cb-slide swiper-slide\">\n<figure class=\"wp-block-image size-full\"><img loading=\"lazy\" decoding=\"async\" width=\"700\" height=\"232\" src=\"https:\/\/erapackaging.rs\/wp-content\/uploads\/2026\/02\/4961x1646.webp\" alt=\"\" class=\"wp-image-4087\" srcset=\"https:\/\/erapackaging.rs\/wp-content\/uploads\/2026\/02\/4961x1646.webp 700w, https:\/\/erapackaging.rs\/wp-content\/uploads\/2026\/02\/4961x1646-300x99.webp 300w, https:\/\/erapackaging.rs\/wp-content\/uploads\/2026\/02\/4961x1646-18x6.webp 18w\" sizes=\"auto, (max-width: 700px) 100vw, 700px\" \/><\/figure>\n<\/div>\n\n\n\n<div class=\"wp-block-cb-slide-v2 cb-slide swiper-slide\">\n<figure class=\"wp-block-image size-full\"><img loading=\"lazy\" decoding=\"async\" width=\"500\" height=\"154\" src=\"https:\/\/erapackaging.rs\/wp-content\/uploads\/2026\/02\/TRANS-1.png\" alt=\"\" class=\"wp-image-4156\" srcset=\"https:\/\/erapackaging.rs\/wp-content\/uploads\/2026\/02\/TRANS-1.png 500w, https:\/\/erapackaging.rs\/wp-content\/uploads\/2026\/02\/TRANS-1-300x92.png 300w, https:\/\/erapackaging.rs\/wp-content\/uploads\/2026\/02\/TRANS-1-18x6.png 18w\" sizes=\"auto, (max-width: 500px) 100vw, 500px\" \/><\/figure>\n<\/div>\n\n\n\n<div class=\"wp-block-cb-slide-v2 cb-slide swiper-slide\">\n<figure class=\"wp-block-image aligncenter size-full is-resized\"><img loading=\"lazy\" decoding=\"async\" width=\"357\" height=\"208\" src=\"https:\/\/erapackaging.rs\/wp-content\/uploads\/2026\/03\/Untitled-design-7-1.jpg\" alt=\"\" class=\"wp-image-5105\" style=\"aspect-ratio:1.7163471449185734;width:146px;height:auto\" srcset=\"https:\/\/erapackaging.rs\/wp-content\/uploads\/2026\/03\/Untitled-design-7-1.jpg 357w, https:\/\/erapackaging.rs\/wp-content\/uploads\/2026\/03\/Untitled-design-7-1-300x175.jpg 300w, https:\/\/erapackaging.rs\/wp-content\/uploads\/2026\/03\/Untitled-design-7-1-18x10.jpg 18w\" sizes=\"auto, (max-width: 357px) 100vw, 357px\" \/><\/figure>\n<\/div>\n<\/div><\/div><\/div>\n\n\n\n<blockquote class=\"wp-block-quote alignwide is-style-default has-border-color has-medium-font-size is-layout-flow wp-block-quote-is-layout-flow\" style=\"border-color:#43a34be3;padding-top:var(--wp--preset--spacing--60);padding-bottom:var(--wp--preset--spacing--60)\">\n<p class=\"has-text-color has-link-color wp-elements-ebc324a9aca984ce430f35c2ffd284a9 translation-block\" style=\"color:#0000008a;font-size:clamp(0.875rem, 0.875rem + ((1vw - 0.2rem) * 0.51), 1.2rem);font-style:normal;font-weight:500;letter-spacing:1px;line-height:1.8\">Steel strip made from high-quality steel, heat-treated to withstand heavy loads. It is used for packaging the heaviest loads and is most commonly applied in the metal and wood processing industries. Although steel straps are increasingly being replaced by PET straps in many industries, we still recommend using steel for specific and demanding applications. Steel strapping remains indispensable in conditions where high temperatures are present, as well as for packaging extremely heavy and massive loads, where maximum tensile strength and impact resistance are required. A wide range of bright and black steel straps is available, tailored to meet various industrial packaging requirements.<\/p>\n<\/blockquote>\n\n\n\n<div class=\"wp-block-media-text alignwide has-media-on-the-right has-border-color\" style=\"border-color:#43a34be3;border-style:solid;border-width:2px;margin-top:var(--wp--preset--spacing--50);margin-bottom:var(--wp--preset--spacing--50);padding-top:var(--wp--preset--spacing--50);padding-right:var(--wp--preset--spacing--50);padding-bottom:var(--wp--preset--spacing--50);padding-left:var(--wp--preset--spacing--50);grid-template-columns:auto 27%\"><div class=\"wp-block-media-text__content\">\n<h2 class=\"wp-block-heading is-style-default has-text-color has-link-color has-large-font-size wp-elements-ab4902e1b075a3fe14ffacaa87e3c8b6\" style=\"color:#4358a4;font-style:normal;font-weight:500;letter-spacing:1px;line-height:1.6\"><strong>Bright steel strapping<\/strong><\/h2>\n\n\n\n<p class=\"is-style-default has-text-color has-link-color has-medium-font-size wp-elements-981d6ee57cf116e15443faf218f23c7d translation-block\" style=\"color:#0000008a;font-style:normal;font-weight:400;letter-spacing:1px;line-height:1.6\">Light steel strip is available in widths of 16, 19, 25, and 32 mm and thicknesses of 0.50 to 0.80 mm, with a tensile strength ranging from 600 kg to 1920 kg. The tape is single-wound (ribbon), without anti-corrosive protection. It is compatible with all standard tying tools\u2014both with and without metal fasteners\u2014as well as with automatic machines that use spot welding.<\/p>\n\n\n\n<p class=\"is-style-default has-text-color has-link-color has-medium-font-size wp-elements-d0394dc4d443cee9e6fbcdbd3771f3e7\" style=\"color:#0000008a;font-style:normal;font-weight:400;letter-spacing:1px;line-height:1.6\"><mark style=\"background-color:rgba(0, 0, 0, 0);color:#4358a4\" class=\"has-inline-color\">Recommended application:\nIt is ideal for packaging medium to heavy loads, including palletized goods, with a total weight ranging from 600 kg to 5000 kg.<\/mark><br>Idealna je za pakovanje <mark style=\"background-color:rgba(0, 0, 0, 0);color:#4358a4\" class=\"has-inline-color\">srednje te\u0161kih i te\u0161kih tereta<\/mark>, uklju\u010duju\u0107i <mark style=\"background-color:rgba(0, 0, 0, 0);color:#4358a4\" class=\"has-inline-color\">paletizovanu robu<\/mark>,ukupne te\u017eine od<mark style=\"background-color:rgba(0, 0, 0, 0);color:#4358a4\" class=\"has-inline-color\"> 600 kg do 5000 kg<\/mark>.<\/p>\n\n\n\n<div class=\"wp-block-buttons is-layout-flex wp-block-buttons-is-layout-flex\" style=\"padding-top:var(--wp--preset--spacing--20);padding-bottom:var(--wp--preset--spacing--20)\">\n<div class=\"wp-block-button has-custom-width wp-block-button__width-75\"><a class=\"wp-block-button__link has-background has-small-font-size has-custom-font-size wp-element-button\" href=\"tel:+381653080308\" style=\"background-color:#43a34b;padding-top:var(--wp--preset--spacing--20);padding-right:var(--wp--preset--spacing--50);padding-bottom:var(--wp--preset--spacing--20);padding-left:var(--wp--preset--spacing--50);letter-spacing:1px;line-height:1.6\">Call Our Sale <mark style=\"background-color:rgba(0, 0, 0, 0)\" class=\"has-inline-color has-base-color\">+381 65 308 0 308<\/mark><\/a><\/div>\n<\/div>\n<\/div><figure class=\"wp-block-media-text__media\"><img loading=\"lazy\" decoding=\"async\" width=\"822\" height=\"1000\" src=\"https:\/\/erapackaging.rs\/wp-content\/uploads\/2026\/01\/Celicna-trake-svetla-i-crna-sa-odlicnom-rezolucijom.webp\" alt=\"\" class=\"wp-image-3740 size-full\" srcset=\"https:\/\/erapackaging.rs\/wp-content\/uploads\/2026\/01\/Celicna-trake-svetla-i-crna-sa-odlicnom-rezolucijom.webp 822w, https:\/\/erapackaging.rs\/wp-content\/uploads\/2026\/01\/Celicna-trake-svetla-i-crna-sa-odlicnom-rezolucijom-247x300.webp 247w, https:\/\/erapackaging.rs\/wp-content\/uploads\/2026\/01\/Celicna-trake-svetla-i-crna-sa-odlicnom-rezolucijom-768x934.webp 768w\" sizes=\"auto, (max-width: 822px) 100vw, 822px\" \/><\/figure><\/div>\n\n\n\n<figure class=\"wp-block-table alignwide is-style-stripes has-small-font-size\" style=\"letter-spacing:1px;line-height:1.6\"><table class=\"has-text-color has-link-color has-fixed-layout\" style=\"color:#4358a4\"><thead><tr><th class=\"has-text-align-center\" data-align=\"center\">Width (mm)<\/th><th class=\"has-text-align-center\" data-align=\"center\">Thickness (mm)<\/th><th class=\"has-text-align-center\" data-align=\"center\">Color<\/th><th class=\"has-text-align-center\" data-align=\"center\">Number of coils<\/th><th class=\"has-text-align-center\" data-align=\"center\">M\/ kg<\/th><\/tr><\/thead><tbody><tr><td class=\"has-text-align-center\" data-align=\"center\">16<\/td><td class=\"has-text-align-center\" data-align=\"center\">0,50<\/td><td class=\"has-text-align-center\" data-align=\"center\">Lights<\/td><td class=\"has-text-align-center\" data-align=\"center\">Single<\/td><td class=\"has-text-align-center\" data-align=\"center\">16,02<\/td><\/tr><tr><td class=\"has-text-align-center\" data-align=\"center\">19<\/td><td class=\"has-text-align-center\" data-align=\"center\">0,60<\/td><td class=\"has-text-align-center\" data-align=\"center\">Lights<\/td><td class=\"has-text-align-center\" data-align=\"center\">Single<\/td><td class=\"has-text-align-center\" data-align=\"center\">11,24<\/td><\/tr><tr><td class=\"has-text-align-center\" data-align=\"center\">32<\/td><td class=\"has-text-align-center\" data-align=\"center\">0,80<\/td><td class=\"has-text-align-center\" data-align=\"center\">Lights<\/td><td class=\"has-text-align-center\" data-align=\"center\">Single<\/td><td class=\"has-text-align-center\" data-align=\"center\">4,97<\/td><\/tr><\/tbody><\/table><\/figure>\n\n\n\n<div class=\"wp-block-media-text alignwide has-media-on-the-right has-border-color\" style=\"border-color:#43a34be3;border-style:solid;border-width:2px;margin-top:var(--wp--preset--spacing--50);margin-bottom:var(--wp--preset--spacing--50);padding-top:var(--wp--preset--spacing--50);padding-right:var(--wp--preset--spacing--50);padding-bottom:var(--wp--preset--spacing--50);padding-left:var(--wp--preset--spacing--50);grid-template-columns:auto 27%\"><div class=\"wp-block-media-text__content\">\n<h2 class=\"wp-block-heading is-style-default has-text-color has-link-color has-large-font-size wp-elements-75b9e810488767066199591aac7902d4\" style=\"color:#4358a4;font-style:normal;font-weight:500;letter-spacing:1px;line-height:1.6\"><strong>Black-painted steel strip<\/strong><\/h2>\n\n\n\n<p class=\"is-style-default has-text-color has-link-color has-medium-font-size wp-elements-b84cc7e9b88dd57b0ea04e0182ecb4e8 translation-block\" style=\"color:#0000008a;font-style:normal;font-weight:400;letter-spacing:1px;line-height:1.6\">The black-painted steel strap is available in widths of 16, 19, 25, and 32 mm and thicknesses from 0.50 to 0.80 mm, with a breaking strength ranging from 680 kg to 10,600 kg. The tape is available in single (ribbon) and multiple (oscillated) windings. It is characterized by high tensile strength and exceptional impact resistance, along with superior anti-corrosion protection, making it a reliable choice even for the most demanding packaging conditions. It is compatible with all standard binding tools \u2013 both with and without metal staples \u2013 as well as with automatic machines that use spot welding. 0.50 to 0.80 mm, with a breaking strength ranging from 680 kg to 10,600 kg. The tape is available in single (ribbon) and multiple (oscillated) windings. It is characterized by high tensile strength and exceptional impact resistance, along with superior anti-corrosion protection, making it a reliable choice even for the most demanding packaging conditions. It is compatible with all standard binding tools \u2013 both with and without metal staples \u2013 as well as with automatic machines that use spot welding.<\/p>\n\n\n\n<p class=\"is-style-default has-text-color has-link-color has-medium-font-size wp-elements-6b7e50d85bcc738acc5430f2ced166f3 translation-block\" style=\"color:#0000008a;font-style:normal;font-weight:400;letter-spacing:1px;line-height:1.6\">Recommended application: It is ideal for packaging medium to heavy loads, including palletized goods, with a total weight ranging from 600 kg to 5000 kg.\nAn ideal choice for packaging medium to heavy loads, including palletized goods weighing from 600 kg to 5000 kg.<\/p>\n\n\n\n<div class=\"wp-block-buttons is-layout-flex wp-block-buttons-is-layout-flex\" style=\"padding-top:var(--wp--preset--spacing--20);padding-bottom:var(--wp--preset--spacing--20)\">\n<div class=\"wp-block-button has-custom-width wp-block-button__width-75\"><a class=\"wp-block-button__link has-background has-small-font-size has-custom-font-size wp-element-button\" href=\"tel:+3813080308\" style=\"background-color:#43a34b;padding-top:var(--wp--preset--spacing--20);padding-right:var(--wp--preset--spacing--50);padding-bottom:var(--wp--preset--spacing--20);padding-left:var(--wp--preset--spacing--50);letter-spacing:1px;line-height:1.6\">Call Our Sale <mark style=\"background-color:rgba(0, 0, 0, 0)\" class=\"has-inline-color has-base-color\">+381 65 308 0 308<\/mark><\/a><\/div>\n<\/div>\n<\/div><figure class=\"wp-block-media-text__media\"><img loading=\"lazy\" decoding=\"async\" width=\"822\" height=\"1000\" src=\"https:\/\/erapackaging.rs\/wp-content\/uploads\/2026\/01\/Celicna-trake-svetla-i-crna-sa-odlicnom-rezolucijom.webp\" alt=\"\" class=\"wp-image-3740 size-full\" srcset=\"https:\/\/erapackaging.rs\/wp-content\/uploads\/2026\/01\/Celicna-trake-svetla-i-crna-sa-odlicnom-rezolucijom.webp 822w, https:\/\/erapackaging.rs\/wp-content\/uploads\/2026\/01\/Celicna-trake-svetla-i-crna-sa-odlicnom-rezolucijom-247x300.webp 247w, https:\/\/erapackaging.rs\/wp-content\/uploads\/2026\/01\/Celicna-trake-svetla-i-crna-sa-odlicnom-rezolucijom-768x934.webp 768w\" sizes=\"auto, (max-width: 822px) 100vw, 822px\" \/><\/figure><\/div>\n\n\n\n<figure class=\"wp-block-table alignwide is-style-stripes has-small-font-size\" style=\"letter-spacing:1px;line-height:1.6\"><table class=\"has-text-color has-link-color has-fixed-layout\" style=\"color:#4358a4\"><thead><tr><th class=\"has-text-align-center\" data-align=\"center\">Width (mm)<\/th><th class=\"has-text-align-center\" data-align=\"center\">Thickness (mm)<\/th><th class=\"has-text-align-center\" data-align=\"center\">Color<\/th><th class=\"has-text-align-center\" data-align=\"center\">Number of coils<\/th><th class=\"has-text-align-center\" data-align=\"center\">M\/ kg<\/th><\/tr><\/thead><tbody><tr><td class=\"has-text-align-center\" data-align=\"center\">16<\/td><td class=\"has-text-align-center\" data-align=\"center\">0,50<\/td><td class=\"has-text-align-center\" data-align=\"center\">Black-colored, waxed<\/td><td class=\"has-text-align-center\" data-align=\"center\">Multiple<\/td><td class=\"has-text-align-center\" data-align=\"center\">16,02<\/td><\/tr><tr><td class=\"has-text-align-center\" data-align=\"center\">19<\/td><td class=\"has-text-align-center\" data-align=\"center\">0,60<\/td><td class=\"has-text-align-center\" data-align=\"center\">Black-colored, waxed<\/td><td class=\"has-text-align-center\" data-align=\"center\">Multiple<\/td><td class=\"has-text-align-center\" data-align=\"center\">11,24<\/td><\/tr><tr><td class=\"has-text-align-center\" data-align=\"center\">19<\/td><td class=\"has-text-align-center\" data-align=\"center\">0,70<\/td><td class=\"has-text-align-center\" data-align=\"center\">Black-colored, waxed<\/td><td class=\"has-text-align-center\" data-align=\"center\">Multiple<\/td><td class=\"has-text-align-center\" data-align=\"center\">9,57<\/td><\/tr><tr><td class=\"has-text-align-center\" data-align=\"center\">32<\/td><td class=\"has-text-align-center\" data-align=\"center\">0,80<\/td><td class=\"has-text-align-center\" data-align=\"center\">Black-colored, waxed<\/td><td class=\"has-text-align-center\" data-align=\"center\">Multiple<\/td><td class=\"has-text-align-center\" data-align=\"center\">4,97<\/td><\/tr><\/tbody><\/table><\/figure>\n\n\n\n<h3 class=\"wp-block-heading has-text-align-center has-large-font-size\" style=\"padding-top:var(--wp--preset--spacing--50);padding-bottom:var(--wp--preset--spacing--50);letter-spacing:1px;line-height:1.6\"><mark style=\"background-color:rgba(0, 0, 0, 0);color:#43a34b\" class=\"has-inline-color\"><strong>Here for You.<\/strong><\/mark><\/h3>\n\n\n\n<div class=\"wp-block-cb-carousel-v2 alignwide cb-carousel-block\" data-cb-slides-per-view=\"1\" data-cb-slides-per-group=\"1\" data-cb-space-between=\"100\" data-cb-speed=\"1000\" data-cb-loop=\"true\" data-cb-autoplay=\"true\" data-cb-autoplay-speed=\"3000\" data-cb-breakpoints=\"{&quot;768&quot;:{&quot;slidesPerView&quot;:4,&quot;slidesPerGroup&quot;:1}}\"><div class=\"swiper\"><div class=\"cb-wrapper swiper-wrapper\">\n<div class=\"wp-block-cb-slide-v2 cb-slide swiper-slide\">\n<figure class=\"wp-block-image size-large\"><img loading=\"lazy\" decoding=\"async\" width=\"1024\" height=\"345\" src=\"https:\/\/erapackaging.rs\/wp-content\/uploads\/2026\/02\/5448x1835-1024x345.webp\" alt=\"\" class=\"wp-image-4083\" srcset=\"https:\/\/erapackaging.rs\/wp-content\/uploads\/2026\/02\/5448x1835-1024x345.webp 1024w, https:\/\/erapackaging.rs\/wp-content\/uploads\/2026\/02\/5448x1835-300x101.webp 300w, https:\/\/erapackaging.rs\/wp-content\/uploads\/2026\/02\/5448x1835-768x259.webp 768w, https:\/\/erapackaging.rs\/wp-content\/uploads\/2026\/02\/5448x1835-1536x517.webp 1536w, https:\/\/erapackaging.rs\/wp-content\/uploads\/2026\/02\/5448x1835-2048x690.webp 2048w, https:\/\/erapackaging.rs\/wp-content\/uploads\/2026\/02\/5448x1835-18x6.webp 18w\" sizes=\"auto, (max-width: 1024px) 100vw, 1024px\" \/><\/figure>\n<\/div>\n\n\n\n<div class=\"wp-block-cb-slide-v2 cb-slide swiper-slide\">\n<figure class=\"wp-block-image size-full\"><img loading=\"lazy\" decoding=\"async\" width=\"500\" height=\"166\" src=\"https:\/\/erapackaging.rs\/wp-content\/uploads\/2026\/02\/Untitled-design-3.webp\" alt=\"\" class=\"wp-image-4140\" srcset=\"https:\/\/erapackaging.rs\/wp-content\/uploads\/2026\/02\/Untitled-design-3.webp 500w, https:\/\/erapackaging.rs\/wp-content\/uploads\/2026\/02\/Untitled-design-3-300x100.webp 300w, https:\/\/erapackaging.rs\/wp-content\/uploads\/2026\/02\/Untitled-design-3-18x6.webp 18w\" sizes=\"auto, (max-width: 500px) 100vw, 500px\" \/><\/figure>\n<\/div>\n\n\n\n<div class=\"wp-block-cb-slide-v2 cb-slide swiper-slide\">\n<figure class=\"wp-block-image size-large\"><img loading=\"lazy\" decoding=\"async\" width=\"1024\" height=\"363\" src=\"https:\/\/erapackaging.rs\/wp-content\/uploads\/2026\/02\/Youngsun-3-1024x363.png\" alt=\"\" class=\"wp-image-4152\" srcset=\"https:\/\/erapackaging.rs\/wp-content\/uploads\/2026\/02\/Youngsun-3-1024x363.png 1024w, https:\/\/erapackaging.rs\/wp-content\/uploads\/2026\/02\/Youngsun-3-300x106.png 300w, https:\/\/erapackaging.rs\/wp-content\/uploads\/2026\/02\/Youngsun-3-768x272.png 768w, https:\/\/erapackaging.rs\/wp-content\/uploads\/2026\/02\/Youngsun-3-18x6.png 18w, https:\/\/erapackaging.rs\/wp-content\/uploads\/2026\/02\/Youngsun-3.png 1168w\" sizes=\"auto, (max-width: 1024px) 100vw, 1024px\" \/><\/figure>\n<\/div>\n\n\n\n<div class=\"wp-block-cb-slide-v2 cb-slide swiper-slide\">\n<figure class=\"wp-block-image size-full is-resized\"><img loading=\"lazy\" decoding=\"async\" width=\"490\" height=\"338\" src=\"https:\/\/erapackaging.rs\/wp-content\/uploads\/2026\/03\/moye.jpg\" alt=\"\" class=\"wp-image-5101\" style=\"aspect-ratio:1.6443171719166585;width:165px;height:auto\" srcset=\"https:\/\/erapackaging.rs\/wp-content\/uploads\/2026\/03\/moye.jpg 490w, https:\/\/erapackaging.rs\/wp-content\/uploads\/2026\/03\/moye-300x207.jpg 300w, https:\/\/erapackaging.rs\/wp-content\/uploads\/2026\/03\/moye-18x12.jpg 18w\" sizes=\"auto, (max-width: 490px) 100vw, 490px\" \/><\/figure>\n<\/div>\n\n\n\n<div class=\"wp-block-cb-slide-v2 cb-slide swiper-slide\">\n<figure class=\"wp-block-image size-full\"><img loading=\"lazy\" decoding=\"async\" width=\"700\" height=\"233\" src=\"https:\/\/erapackaging.rs\/wp-content\/uploads\/2026\/02\/3600x1200.webp\" alt=\"\" class=\"wp-image-4086\" srcset=\"https:\/\/erapackaging.rs\/wp-content\/uploads\/2026\/02\/3600x1200.webp 700w, https:\/\/erapackaging.rs\/wp-content\/uploads\/2026\/02\/3600x1200-300x100.webp 300w, https:\/\/erapackaging.rs\/wp-content\/uploads\/2026\/02\/3600x1200-18x6.webp 18w\" sizes=\"auto, (max-width: 700px) 100vw, 700px\" \/><\/figure>\n<\/div>\n\n\n\n<div class=\"wp-block-cb-slide-v2 cb-slide swiper-slide\">\n<figure class=\"wp-block-image size-full\"><img loading=\"lazy\" decoding=\"async\" width=\"700\" height=\"232\" src=\"https:\/\/erapackaging.rs\/wp-content\/uploads\/2026\/02\/4961x1646.webp\" alt=\"\" class=\"wp-image-4087\" srcset=\"https:\/\/erapackaging.rs\/wp-content\/uploads\/2026\/02\/4961x1646.webp 700w, https:\/\/erapackaging.rs\/wp-content\/uploads\/2026\/02\/4961x1646-300x99.webp 300w, https:\/\/erapackaging.rs\/wp-content\/uploads\/2026\/02\/4961x1646-18x6.webp 18w\" sizes=\"auto, (max-width: 700px) 100vw, 700px\" \/><\/figure>\n<\/div>\n\n\n\n<div class=\"wp-block-cb-slide-v2 cb-slide swiper-slide\">\n<figure class=\"wp-block-image size-full\"><img loading=\"lazy\" decoding=\"async\" width=\"500\" height=\"154\" src=\"https:\/\/erapackaging.rs\/wp-content\/uploads\/2026\/02\/TRANS-1.png\" alt=\"\" class=\"wp-image-4156\" srcset=\"https:\/\/erapackaging.rs\/wp-content\/uploads\/2026\/02\/TRANS-1.png 500w, https:\/\/erapackaging.rs\/wp-content\/uploads\/2026\/02\/TRANS-1-300x92.png 300w, https:\/\/erapackaging.rs\/wp-content\/uploads\/2026\/02\/TRANS-1-18x6.png 18w\" sizes=\"auto, (max-width: 500px) 100vw, 500px\" \/><\/figure>\n<\/div>\n\n\n\n<div class=\"wp-block-cb-slide-v2 cb-slide swiper-slide\">\n<figure class=\"wp-block-image aligncenter size-full is-resized\"><img loading=\"lazy\" decoding=\"async\" width=\"357\" height=\"208\" src=\"https:\/\/erapackaging.rs\/wp-content\/uploads\/2026\/03\/Untitled-design-7-1.jpg\" alt=\"\" class=\"wp-image-5105\" style=\"aspect-ratio:1.7163471449185734;width:146px;height:auto\" srcset=\"https:\/\/erapackaging.rs\/wp-content\/uploads\/2026\/03\/Untitled-design-7-1.jpg 357w, https:\/\/erapackaging.rs\/wp-content\/uploads\/2026\/03\/Untitled-design-7-1-300x175.jpg 300w, https:\/\/erapackaging.rs\/wp-content\/uploads\/2026\/03\/Untitled-design-7-1-18x10.jpg 18w\" sizes=\"auto, (max-width: 357px) 100vw, 357px\" \/><\/figure>\n<\/div>\n<\/div><\/div><\/div>","protected":false},"excerpt":{"rendered":"<p>\u010celi\u010dna traka izradjena od visokokvalitenih \u010delika, termi\u010dki obradjena da mo\u017ee izdr\u017eati veliku nosivost. Koristi za pakovanje najte\u017eih tereta i najvi\u0161e se primenjuje u metalnoj i drvo-prera\u0111iva\u010dkoj industriji. &nbsp; Iako se u mnogim industrijama \u010deli\u010dne trake sve \u010de\u0161\u0107e zamenjuju PET trakama, i dalje preporu\u010dujemo upotrebu \u010delika za specifi\u010dne i zahtevne primene. &nbsp; \u010celi\u010dna traka ostaje nezamenjiva [&hellip;]<\/p>\n","protected":false},"author":2,"featured_media":0,"parent":0,"menu_order":0,"comment_status":"closed","ping_status":"closed","template":"page-no-title","meta":{"footnotes":""},"class_list":["post-1896","page","type-page","status-publish","hentry"],"_links":{"self":[{"href":"https:\/\/erapackaging.rs\/en\/wp-json\/wp\/v2\/pages\/1896","targetHints":{"allow":["GET"]}}],"collection":[{"href":"https:\/\/erapackaging.rs\/en\/wp-json\/wp\/v2\/pages"}],"about":[{"href":"https:\/\/erapackaging.rs\/en\/wp-json\/wp\/v2\/types\/page"}],"author":[{"embeddable":true,"href":"https:\/\/erapackaging.rs\/en\/wp-json\/wp\/v2\/users\/2"}],"replies":[{"embeddable":true,"href":"https:\/\/erapackaging.rs\/en\/wp-json\/wp\/v2\/comments?post=1896"}],"version-history":[{"count":47,"href":"https:\/\/erapackaging.rs\/en\/wp-json\/wp\/v2\/pages\/1896\/revisions"}],"predecessor-version":[{"id":5271,"href":"https:\/\/erapackaging.rs\/en\/wp-json\/wp\/v2\/pages\/1896\/revisions\/5271"}],"wp:attachment":[{"href":"https:\/\/erapackaging.rs\/en\/wp-json\/wp\/v2\/media?parent=1896"}],"curies":[{"name":"wp","href":"https:\/\/api.w.org\/{rel}","templated":true}]}}